{"id":865,"date":"2021-12-20T07:49:13","date_gmt":"2021-12-20T05:49:13","guid":{"rendered":"https:\/\/eutb-schaumburg.de\/mentions-legales\/"},"modified":"2023-07-16T18:06:58","modified_gmt":"2023-07-16T16:06:58","slug":"mentions-legales","status":"publish","type":"page","link":"https:\/\/eutb-schaumburg.de\/fr\/mentions-legales\/","title":{"rendered":"Mentions l\u00e9gales"},"content":{"rendered":"\n<h1 class=\"wp-block-heading\">Mentions l\u00e9gales<\/h1>\n\n\n<div style=\"word-wrap: break-word;\">\n\n<p>ZePGiS e. V. - Zentrum f&uuml;r psychosoziale Gesundheit in Schaumburg<br \/>\nEchternstra&szlig;e 5<br \/>\n31655 Stadthagen<\/p>\n\n<p>Register of Associations: VR 200370<br \/>\nRegistration court: Amtsgericht Stadthagen<\/p>\n\n<p><strong>Represented by:<\/strong><br \/>\nLiane Martens<br \/>\r\nKerstin Thieler<br \/>\r\nKlaus Strempel<br \/>\r\n<br \/>\r\nLeitung ZePGiS e.V. \/ EUTB Schaumburg: Sunita Maria Kumar<\/p>\n\n<h2>Contact<\/h2>\n<p>Phone: +49 (0)5721 9956276<br \/>\nE-mail: info@zepgis.de<\/p>\n\n<h2>Person responsible for editorial<\/h2>\n<p>Sunita Maria Kumar<br \/>\r\nAdresse: siehe oben<\/p>\n\n<h2>Dispute resolution proceedings in front of a consumer arbitration board<\/h2>\n<p>We are not willing or obliged to participate in dispute resolution proceedings in front of a consumer arbitration board.<\/p><\/div>\n\n\n\n<p>Source : <a href=\"https:\/\/www.e-recht24.de\" target=\"_blank\" rel=\"noreferrer noopener\">www.e-recht24.de<\/a><\/p>\n\n\n\n<h3 class=\"wp-block-heading\">D\u00e9veloppement du site Internet<\/h3>\n\n\n\n<p><strong>double or nothing GmbH<\/strong><br>Agence Internet \u00e0 service complet<br>Web : <a href=\"https:\/\/doubleornothing.de\" target=\"_blank\" rel=\"noreferrer noopener\">doubleornothing.de<\/a><\/p>\n\n\n\n<h3 class=\"wp-block-heading\">D\u00e9claration de confidentialit\u00e9<\/h3>\n\n\n\n<p><a href=\"https:\/\/eutb-schaumburg.de\/fr\/protection-des-donnees\/\" target=\"_blank\" rel=\"noreferrer noopener nofollow\">voir la d\u00e9claration de confidentialit\u00e9<\/a><\/p>\n\n\n\n<hr class=\"wp-block-separator has-text-color has-alpha-channel-opacity has-background is-style-wide\" style=\"background-color:#015f8f;color:#015f8f\"\/>\n\n\n\n<h3 class=\"wp-block-heading\">Clause de non-responsabilit\u00e9<\/h3>\n\n\n\n<p><strong>Responsabilit\u00e9 du contenu<\/strong><\/p>\n\n\n\n<p>En tant que prestataire de services, nous sommes tenus, conform\u00e9ment au \u00a7 7 al.1 TMG pour ses propres contenus sur ces pages selon les lois g\u00e9n\u00e9rales. Selon les \u00a7\u00a7 8 \u00e0 10 de la loi allemande sur les m\u00e9dias \u00e9lectroniques (TMG), nous ne sommes toutefois pas tenus, en tant que prestataire de services, de surveiller les informations externes transmises ou enregistr\u00e9es ou de rechercher des circonstances indiquant une activit\u00e9 ill\u00e9gale.<\/p>\n\n\n\n<p>Les obligations de supprimer ou de bloquer l&rsquo;utilisation d&rsquo;informations conform\u00e9ment aux lois g\u00e9n\u00e9rales restent inchang\u00e9es. Une responsabilit\u00e9 \u00e0 cet \u00e9gard n&rsquo;est toutefois possible qu&rsquo;\u00e0 partir du moment o\u00f9 une violation concr\u00e8te de la loi est connue. D\u00e8s que nous aurons connaissance de telles violations, nous retirerons imm\u00e9diatement ces contenus.<\/p>\n\n\n\n<p><strong>Responsabilit\u00e9 pour les liens<\/strong><\/p>\n\n\n\n<p>Notre offre contient des liens vers des sites web externes de tiers, sur le contenu desquels nous n&rsquo;avons aucune influence. C&rsquo;est pourquoi nous ne pouvons pas non plus nous porter garants de ces contenus \u00e9trangers. Le fournisseur ou l&rsquo;exploitant des pages li\u00e9es est toujours responsable du contenu de ces pages. Les pages li\u00e9es ont \u00e9t\u00e9 v\u00e9rifi\u00e9es au moment de la cr\u00e9ation du lien afin de s&rsquo;assurer qu&rsquo;elles n&rsquo;enfreignaient pas la loi. Aucun contenu ill\u00e9gal n&rsquo;a \u00e9t\u00e9 identifi\u00e9 au moment de la cr\u00e9ation des liens.<\/p>\n\n\n\n<p>Un contr\u00f4le permanent du contenu des pages li\u00e9es n&rsquo;est toutefois pas exigible sans indices concrets d&rsquo;une violation de la loi. D\u00e8s que nous aurons connaissance de violations de la loi, nous supprimerons imm\u00e9diatement de tels liens.<\/p>\n\n\n\n<p><strong>Droit d&rsquo;auteur<\/strong><\/p>\n\n\n\n<p>Les contenus et \u0153uvres cr\u00e9\u00e9s par les exploitants de ces pages sont soumis au droit d&rsquo;auteur allemand. La reproduction, le traitement, la diffusion et toute forme d&rsquo;exploitation en dehors des limites du droit d&rsquo;auteur requi\u00e8rent l&rsquo;accord \u00e9crit de l&rsquo;auteur ou du cr\u00e9ateur concern\u00e9. Les t\u00e9l\u00e9chargements et les copies de cette page ne sont autoris\u00e9s que pour un usage priv\u00e9 et non commercial.<\/p>\n\n\n\n<p>Dans la mesure o\u00f9 les contenus de ce site n&rsquo;ont pas \u00e9t\u00e9 cr\u00e9\u00e9s par l&rsquo;exploitant, les droits d&rsquo;auteur de tiers sont respect\u00e9s. En particulier, les contenus de tiers sont identifi\u00e9s comme tels. Si vous deviez n\u00e9anmoins constater une violation des droits d&rsquo;auteur, nous vous prions de nous en informer. D\u00e8s que nous aurons connaissance d&rsquo;une violation de la loi, nous supprimerons imm\u00e9diatement de tels contenus.<\/p>\n\n\n\n<p>Source : <a href=\"https:\/\/www.e-recht24.de\/muster-disclaimer.html\" target=\"_blank\" rel=\"noreferrer noopener nofollow\">www.e-recht24.de\/muster-disclaimer.html<\/a><\/p>\n","protected":false},"excerpt":{"rendered":"<p>Mentions l\u00e9gales Source : www.e-recht24.de D\u00e9veloppement du site Internet double or nothing GmbHAgence Internet \u00e0 service completWeb : doubleornothing.de D\u00e9claration de confidentialit\u00e9 voir la d\u00e9claration de confidentialit\u00e9 Clause de non-responsabilit\u00e9 Responsabilit\u00e9 du contenu En tant que prestataire de services, nous sommes tenus, conform\u00e9ment au \u00a7 7 al.1 TMG pour ses propres contenus sur ces pages [&hellip;]<\/p>\n","protected":false},"author":7,"featured_media":0,"parent":0,"menu_order":0,"comment_status":"closed","ping_status":"closed","template":"","meta":{"inline_featured_image":false,"footnotes":""},"class_list":["post-865","page","type-page","status-publish","hentry"],"yoast_head":"<!-- This site is optimized with the Yoast SEO plugin v27.4 - https:\/\/yoast.com\/product\/yoast-seo-wordpress\/ -->\n<title>Mentions l\u00e9gales - EUTB Schaumburg<\/title>\n<meta name=\"robots\" content=\"noindex, nofollow\" \/>\n<meta property=\"og:locale\" content=\"fr_FR\" \/>\n<meta property=\"og:type\" content=\"article\" \/>\n<meta property=\"og:title\" content=\"Mentions l\u00e9gales - EUTB Schaumburg\" \/>\n<meta property=\"og:description\" content=\"Mentions l\u00e9gales Source : www.e-recht24.de D\u00e9veloppement du site Internet double or nothing GmbHAgence Internet \u00e0 service completWeb : doubleornothing.de D\u00e9claration de confidentialit\u00e9 voir la d\u00e9claration de confidentialit\u00e9 Clause de non-responsabilit\u00e9 Responsabilit\u00e9 du contenu En tant que prestataire de services, nous sommes tenus, conform\u00e9ment au \u00a7 7 al.1 TMG pour ses propres contenus sur ces pages [&hellip;]\" \/>\n<meta property=\"og:url\" content=\"https:\/\/eutb-schaumburg.de\/fr\/mentions-legales\/\" \/>\n<meta property=\"og:site_name\" content=\"EUTB Schaumburg\" \/>\n<meta property=\"article:modified_time\" content=\"2023-07-16T16:06:58+00:00\" \/>\n<meta name=\"twitter:card\" content=\"summary_large_image\" \/>\n<meta name=\"twitter:label1\" content=\"Dur\u00e9e de lecture estim\u00e9e\" \/>\n\t<meta name=\"twitter:data1\" content=\"3 minutes\" \/>\n<script type=\"application\/ld+json\" class=\"yoast-schema-graph\">{\"@context\":\"https:\\\/\\\/schema.org\",\"@graph\":[{\"@type\":\"WebPage\",\"@id\":\"https:\\\/\\\/eutb-schaumburg.de\\\/fr\\\/mentions-legales\\\/\",\"url\":\"https:\\\/\\\/eutb-schaumburg.de\\\/fr\\\/mentions-legales\\\/\",\"name\":\"Mentions l\u00e9gales - EUTB Schaumburg\",\"isPartOf\":{\"@id\":\"https:\\\/\\\/eutb-schaumburg.de\\\/fr\\\/#website\"},\"datePublished\":\"2021-12-20T05:49:13+00:00\",\"dateModified\":\"2023-07-16T16:06:58+00:00\",\"breadcrumb\":{\"@id\":\"https:\\\/\\\/eutb-schaumburg.de\\\/fr\\\/mentions-legales\\\/#breadcrumb\"},\"inLanguage\":\"fr-FR\",\"potentialAction\":[{\"@type\":\"ReadAction\",\"target\":[\"https:\\\/\\\/eutb-schaumburg.de\\\/fr\\\/mentions-legales\\\/\"]}]},{\"@type\":\"BreadcrumbList\",\"@id\":\"https:\\\/\\\/eutb-schaumburg.de\\\/fr\\\/mentions-legales\\\/#breadcrumb\",\"itemListElement\":[{\"@type\":\"ListItem\",\"position\":1,\"name\":\"Startseite\",\"item\":\"https:\\\/\\\/eutb-schaumburg.de\\\/fr\\\/\"},{\"@type\":\"ListItem\",\"position\":2,\"name\":\"Mentions l\u00e9gales\"}]},{\"@type\":\"WebSite\",\"@id\":\"https:\\\/\\\/eutb-schaumburg.de\\\/fr\\\/#website\",\"url\":\"https:\\\/\\\/eutb-schaumburg.de\\\/fr\\\/\",\"name\":\"EUTB Schaumburg\",\"description\":\"Erg\u00e4nzende unabh\u00e4ngige Teilhabeberatung\",\"publisher\":{\"@id\":\"https:\\\/\\\/eutb-schaumburg.de\\\/fr\\\/#organization\"},\"potentialAction\":[{\"@type\":\"SearchAction\",\"target\":{\"@type\":\"EntryPoint\",\"urlTemplate\":\"https:\\\/\\\/eutb-schaumburg.de\\\/fr\\\/?s={search_term_string}\"},\"query-input\":{\"@type\":\"PropertyValueSpecification\",\"valueRequired\":true,\"valueName\":\"search_term_string\"}}],\"inLanguage\":\"fr-FR\"},{\"@type\":\"Organization\",\"@id\":\"https:\\\/\\\/eutb-schaumburg.de\\\/fr\\\/#organization\",\"name\":\"EUTB Schaumburg\",\"url\":\"https:\\\/\\\/eutb-schaumburg.de\\\/fr\\\/\",\"logo\":{\"@type\":\"ImageObject\",\"inLanguage\":\"fr-FR\",\"@id\":\"https:\\\/\\\/eutb-schaumburg.de\\\/fr\\\/#\\\/schema\\\/logo\\\/image\\\/\",\"url\":\"https:\\\/\\\/eutb-schaumburg.de\\\/wp-content\\\/uploads\\\/2023\\\/04\\\/logo_eutb-3.svg\",\"contentUrl\":\"https:\\\/\\\/eutb-schaumburg.de\\\/wp-content\\\/uploads\\\/2023\\\/04\\\/logo_eutb-3.svg\",\"width\":\"1024\",\"height\":\"1024\",\"caption\":\"EUTB Schaumburg\"},\"image\":{\"@id\":\"https:\\\/\\\/eutb-schaumburg.de\\\/fr\\\/#\\\/schema\\\/logo\\\/image\\\/\"}}]}<\/script>\n<!-- \/ Yoast SEO plugin. -->","yoast_head_json":{"title":"Mentions l\u00e9gales - EUTB Schaumburg","robots":{"index":"noindex","follow":"nofollow"},"og_locale":"fr_FR","og_type":"article","og_title":"Mentions l\u00e9gales - EUTB Schaumburg","og_description":"Mentions l\u00e9gales Source : www.e-recht24.de D\u00e9veloppement du site Internet double or nothing GmbHAgence Internet \u00e0 service completWeb : doubleornothing.de D\u00e9claration de confidentialit\u00e9 voir la d\u00e9claration de confidentialit\u00e9 Clause de non-responsabilit\u00e9 Responsabilit\u00e9 du contenu En tant que prestataire de services, nous sommes tenus, conform\u00e9ment au \u00a7 7 al.1 TMG pour ses propres contenus sur ces pages [&hellip;]","og_url":"https:\/\/eutb-schaumburg.de\/fr\/mentions-legales\/","og_site_name":"EUTB Schaumburg","article_modified_time":"2023-07-16T16:06:58+00:00","twitter_card":"summary_large_image","twitter_misc":{"Dur\u00e9e de lecture estim\u00e9e":"3 minutes"},"schema":{"@context":"https:\/\/schema.org","@graph":[{"@type":"WebPage","@id":"https:\/\/eutb-schaumburg.de\/fr\/mentions-legales\/","url":"https:\/\/eutb-schaumburg.de\/fr\/mentions-legales\/","name":"Mentions l\u00e9gales - EUTB Schaumburg","isPartOf":{"@id":"https:\/\/eutb-schaumburg.de\/fr\/#website"},"datePublished":"2021-12-20T05:49:13+00:00","dateModified":"2023-07-16T16:06:58+00:00","breadcrumb":{"@id":"https:\/\/eutb-schaumburg.de\/fr\/mentions-legales\/#breadcrumb"},"inLanguage":"fr-FR","potentialAction":[{"@type":"ReadAction","target":["https:\/\/eutb-schaumburg.de\/fr\/mentions-legales\/"]}]},{"@type":"BreadcrumbList","@id":"https:\/\/eutb-schaumburg.de\/fr\/mentions-legales\/#breadcrumb","itemListElement":[{"@type":"ListItem","position":1,"name":"Startseite","item":"https:\/\/eutb-schaumburg.de\/fr\/"},{"@type":"ListItem","position":2,"name":"Mentions l\u00e9gales"}]},{"@type":"WebSite","@id":"https:\/\/eutb-schaumburg.de\/fr\/#website","url":"https:\/\/eutb-schaumburg.de\/fr\/","name":"EUTB Schaumburg","description":"Erg\u00e4nzende unabh\u00e4ngige Teilhabeberatung","publisher":{"@id":"https:\/\/eutb-schaumburg.de\/fr\/#organization"},"potentialAction":[{"@type":"SearchAction","target":{"@type":"EntryPoint","urlTemplate":"https:\/\/eutb-schaumburg.de\/fr\/?s={search_term_string}"},"query-input":{"@type":"PropertyValueSpecification","valueRequired":true,"valueName":"search_term_string"}}],"inLanguage":"fr-FR"},{"@type":"Organization","@id":"https:\/\/eutb-schaumburg.de\/fr\/#organization","name":"EUTB Schaumburg","url":"https:\/\/eutb-schaumburg.de\/fr\/","logo":{"@type":"ImageObject","inLanguage":"fr-FR","@id":"https:\/\/eutb-schaumburg.de\/fr\/#\/schema\/logo\/image\/","url":"https:\/\/eutb-schaumburg.de\/wp-content\/uploads\/2023\/04\/logo_eutb-3.svg","contentUrl":"https:\/\/eutb-schaumburg.de\/wp-content\/uploads\/2023\/04\/logo_eutb-3.svg","width":"1024","height":"1024","caption":"EUTB Schaumburg"},"image":{"@id":"https:\/\/eutb-schaumburg.de\/fr\/#\/schema\/logo\/image\/"}}]}},"_links":{"self":[{"href":"https:\/\/eutb-schaumburg.de\/fr\/wp-json\/wp\/v2\/pages\/865","targetHints":{"allow":["GET"]}}],"collection":[{"href":"https:\/\/eutb-schaumburg.de\/fr\/wp-json\/wp\/v2\/pages"}],"about":[{"href":"https:\/\/eutb-schaumburg.de\/fr\/wp-json\/wp\/v2\/types\/page"}],"author":[{"embeddable":true,"href":"https:\/\/eutb-schaumburg.de\/fr\/wp-json\/wp\/v2\/users\/7"}],"replies":[{"embeddable":true,"href":"https:\/\/eutb-schaumburg.de\/fr\/wp-json\/wp\/v2\/comments?post=865"}],"version-history":[{"count":4,"href":"https:\/\/eutb-schaumburg.de\/fr\/wp-json\/wp\/v2\/pages\/865\/revisions"}],"predecessor-version":[{"id":1008,"href":"https:\/\/eutb-schaumburg.de\/fr\/wp-json\/wp\/v2\/pages\/865\/revisions\/1008"}],"wp:attachment":[{"href":"https:\/\/eutb-schaumburg.de\/fr\/wp-json\/wp\/v2\/media?parent=865"}],"curies":[{"name":"wp","href":"https:\/\/api.w.org\/{rel}","templated":true}]}}