{"id":883,"date":"2022-02-28T15:12:23","date_gmt":"2022-02-28T13:12:23","guid":{"rendered":"https:\/\/eutb-schaumburg.de\/declaration-daccessibilite\/"},"modified":"2023-07-16T18:08:11","modified_gmt":"2023-07-16T16:08:11","slug":"declaration-daccessibilite","status":"publish","type":"page","link":"https:\/\/eutb-schaumburg.de\/fr\/declaration-daccessibilite\/","title":{"rendered":"D\u00e9claration d&rsquo;accessibilit\u00e9"},"content":{"rendered":"\n<p>En tant qu&rsquo;exploitant du site web, nous (ZePGiS e. V. &#8211; Zentrum f\u00fcr psychosoziale Gesundheit in Schaumburg) nous effor\u00e7ons de concevoir le site web en conformit\u00e9 avec les dispositions applicables en mati\u00e8re d&rsquo;accessibilit\u00e9. Nous sommes soumis \u00e0 la l\u00e9gislation suivante :<\/p>\n\n\n\n<p>Loi sur l&rsquo;\u00e9galit\u00e9 des personnes handicap\u00e9es de Basse-Saxe (NBGG)<\/p>\n\n\n\n<h2 class=\"wp-block-heading\">Site web<\/h2>\n\n\n\n<p>La pr\u00e9sente d\u00e9claration d&rsquo;accessibilit\u00e9 s&rsquo;applique au site web <a href=\"https:\/\/eutb-schaumburg.de\/fr\/\">https:\/\/eutb-schaumburg.de.<\/a><\/p>\n\n\n\n<h3 class=\"wp-block-heading\">Date de publication du site web<\/h3>\n\n\n\n<p>Ce site web a \u00e9t\u00e9 publi\u00e9 le 19.04.2023.<\/p>\n\n\n\n<h3 class=\"wp-block-heading\">Derni\u00e8re mise \u00e0 jour du site<\/h3>\n\n\n\n<p>Le contenu de ce site web a \u00e9t\u00e9 r\u00e9vis\u00e9 pour la derni\u00e8re fois le 19.04.2023 sur des points essentiels.<\/p>\n\n\n\n<h2 class=\"wp-block-heading\">Commentaires et coordonn\u00e9es<\/h2>\n\n\n\n<p>Avez-vous remarqu\u00e9 des lacunes dans l&rsquo;accessibilit\u00e9 des contenus de notre site web ou avez-vous des remarques ou des questions concernant l&rsquo;accessibilit\u00e9 ? N&rsquo;h\u00e9sitez pas \u00e0 nous contacter :<\/p>\n\n\n\n<p>ZePGiS e. V.<br>Centre de sant\u00e9 psychosociale de Schaumburg<br>5, rue Echtern<br>31655 Stadthagen<br><br>T\u00e9l\u00e9phone : +49 (0)5721 9965276<br>Courrier \u00e9lectronique : info@zepgis.de<br><br>Registre des associations : VR 200370<br>Tribunal d&rsquo;enregistrement : Tribunal d&rsquo;instance de Stadthagen<br><br>Repr\u00e9sent\u00e9 par :<br>Liane Martens<br>Kerstin Thieler<br>Klaus Strempel<br><br>Direction ZePGiS e.V. \/ EUTB Schaumburg : Sunita Maria Kumar<br><a href=\"https:\/\/eutb-schaumburg.de\/#kontakt\">https:\/\/eutb-schaumburg.de\/#kontakt<\/a><\/p>\n\n\n\n<h2 class=\"wp-block-heading\">\u00c9tat de la compatibilit\u00e9 avec les exigences<\/h2>\n\n\n\n<p>La compatibilit\u00e9 de ce site avec les directives d&rsquo;accessibilit\u00e9 est en cours de v\u00e9rification. D\u00e8s que les r\u00e9sultats seront disponibles, nous les publierons ici.<\/p>\n\n\n\n<h2 class=\"wp-block-heading\">Rapport d&rsquo;\u00e9valuation de l&rsquo;accessibilit\u00e9<\/h2>\n\n\n\n<p>L&rsquo;\u00e9valuation de l&rsquo;accessibilit\u00e9 de notre site web a \u00e9t\u00e9 r\u00e9sum\u00e9e dans un rapport d&rsquo;\u00e9valuation que vous pouvez consulter ici <a href=\"https:\/\/wave.webaim.org\/report#\/eutb-schaumburg.de\">: https:\/\/wave.webaim.org\/report#\/eutb-schaumburg.de<\/a><\/p>\n\n\n\n<h2 class=\"wp-block-heading\">Proc\u00e9dure d&rsquo;ex\u00e9cution<\/h2>\n\n\n\n<p>Si vous estimez que vous \u00eates d\u00e9savantag\u00e9 par une conception insuffisamment accessible de notre site web, vous pouvez vous adresser \u00e0 l&rsquo;organisme d&rsquo;ex\u00e9cution comp\u00e9tent. Vous pouvez les contacter \u00e0 l&rsquo;adresse suivante :<\/p>\n\n\n\n<p>D\u00e9l\u00e9gu\u00e9e nationale aux personnes handicap\u00e9es<br>2, place Hannah-Arendt<br>30159 Hanovre<\/p>\n\n\n\n<p>T\u00e9l\u00e9phone : 0511 120-4007<br>T\u00e9l\u00e9copieur : 0511 120-99-4036<br>Courrier \u00e9lectronique : <a href=\"mailto:Landesbeauftragte@ms.niedersachsen.de\">Landesbeauftragte@ms.niedersachsen.de<\/a><\/p>\n\n\n\n<h2 class=\"wp-block-heading\">Autres informations sur l&rsquo;accessibilit\u00e9<\/h2>\n\n\n\n<p>Sur la base du pr\u00e9sent r\u00e9sultat de l&rsquo;outil d&rsquo;analyse, l&rsquo;accessibilit\u00e9 du site web est am\u00e9lior\u00e9e en permanence.<\/p>\n\n\n\n<h2 class=\"wp-block-heading\">R\u00e9daction de la pr\u00e9sente d\u00e9claration d&rsquo;accessibilit\u00e9<\/h2>\n\n\n\n<p>Cette d\u00e9claration a \u00e9t\u00e9 \u00e9tablie le 19.04.2023.<\/p>\n\n\n\n<p>La d\u00e9claration a \u00e9t\u00e9 v\u00e9rifi\u00e9e pour la derni\u00e8re fois le 19.04.2023.<\/p>\n","protected":false},"excerpt":{"rendered":"<p>En tant qu&rsquo;exploitant du site web, nous (ZePGiS e. V. &#8211; Zentrum f\u00fcr psychosoziale Gesundheit in Schaumburg) nous effor\u00e7ons de concevoir le site web en conformit\u00e9 avec les dispositions applicables en mati\u00e8re d&rsquo;accessibilit\u00e9. Nous sommes soumis \u00e0 la l\u00e9gislation suivante : Loi sur l&rsquo;\u00e9galit\u00e9 des personnes handicap\u00e9es de Basse-Saxe (NBGG) Site web La pr\u00e9sente d\u00e9claration [&hellip;]<\/p>\n","protected":false},"author":7,"featured_media":0,"parent":0,"menu_order":0,"comment_status":"closed","ping_status":"closed","template":"","meta":{"inline_featured_image":false,"footnotes":""},"class_list":["post-883","page","type-page","status-publish","hentry"],"yoast_head":"<!-- This site is optimized with the Yoast SEO plugin v27.4 - https:\/\/yoast.com\/product\/yoast-seo-wordpress\/ -->\n<title>D\u00e9claration d&#039;accessibilit\u00e9 - EUTB Schaumburg<\/title>\n<meta name=\"robots\" content=\"noindex, nofollow\" \/>\n<meta property=\"og:locale\" content=\"fr_FR\" \/>\n<meta property=\"og:type\" content=\"article\" \/>\n<meta property=\"og:title\" content=\"D\u00e9claration d&#039;accessibilit\u00e9 - EUTB Schaumburg\" \/>\n<meta property=\"og:description\" content=\"En tant qu&rsquo;exploitant du site web, nous (ZePGiS e. V. &#8211; Zentrum f\u00fcr psychosoziale Gesundheit in Schaumburg) nous effor\u00e7ons de concevoir le site web en conformit\u00e9 avec les dispositions applicables en mati\u00e8re d&rsquo;accessibilit\u00e9. Nous sommes soumis \u00e0 la l\u00e9gislation suivante : Loi sur l&rsquo;\u00e9galit\u00e9 des personnes handicap\u00e9es de Basse-Saxe (NBGG) Site web La pr\u00e9sente d\u00e9claration [&hellip;]\" \/>\n<meta property=\"og:url\" content=\"https:\/\/eutb-schaumburg.de\/fr\/declaration-daccessibilite\/\" \/>\n<meta property=\"og:site_name\" content=\"EUTB Schaumburg\" \/>\n<meta property=\"article:modified_time\" content=\"2023-07-16T16:08:11+00:00\" \/>\n<meta name=\"twitter:card\" content=\"summary_large_image\" \/>\n<meta name=\"twitter:label1\" content=\"Dur\u00e9e de lecture estim\u00e9e\" \/>\n\t<meta name=\"twitter:data1\" content=\"2 minutes\" \/>\n<script type=\"application\/ld+json\" class=\"yoast-schema-graph\">{\"@context\":\"https:\\\/\\\/schema.org\",\"@graph\":[{\"@type\":\"WebPage\",\"@id\":\"https:\\\/\\\/eutb-schaumburg.de\\\/fr\\\/declaration-daccessibilite\\\/\",\"url\":\"https:\\\/\\\/eutb-schaumburg.de\\\/fr\\\/declaration-daccessibilite\\\/\",\"name\":\"D\u00e9claration d'accessibilit\u00e9 - EUTB Schaumburg\",\"isPartOf\":{\"@id\":\"https:\\\/\\\/eutb-schaumburg.de\\\/fr\\\/#website\"},\"datePublished\":\"2022-02-28T13:12:23+00:00\",\"dateModified\":\"2023-07-16T16:08:11+00:00\",\"breadcrumb\":{\"@id\":\"https:\\\/\\\/eutb-schaumburg.de\\\/fr\\\/declaration-daccessibilite\\\/#breadcrumb\"},\"inLanguage\":\"fr-FR\",\"potentialAction\":[{\"@type\":\"ReadAction\",\"target\":[\"https:\\\/\\\/eutb-schaumburg.de\\\/fr\\\/declaration-daccessibilite\\\/\"]}]},{\"@type\":\"BreadcrumbList\",\"@id\":\"https:\\\/\\\/eutb-schaumburg.de\\\/fr\\\/declaration-daccessibilite\\\/#breadcrumb\",\"itemListElement\":[{\"@type\":\"ListItem\",\"position\":1,\"name\":\"Startseite\",\"item\":\"https:\\\/\\\/eutb-schaumburg.de\\\/fr\\\/\"},{\"@type\":\"ListItem\",\"position\":2,\"name\":\"D\u00e9claration d&#8217;accessibilit\u00e9\"}]},{\"@type\":\"WebSite\",\"@id\":\"https:\\\/\\\/eutb-schaumburg.de\\\/fr\\\/#website\",\"url\":\"https:\\\/\\\/eutb-schaumburg.de\\\/fr\\\/\",\"name\":\"EUTB Schaumburg\",\"description\":\"Erg\u00e4nzende unabh\u00e4ngige Teilhabeberatung\",\"publisher\":{\"@id\":\"https:\\\/\\\/eutb-schaumburg.de\\\/fr\\\/#organization\"},\"potentialAction\":[{\"@type\":\"SearchAction\",\"target\":{\"@type\":\"EntryPoint\",\"urlTemplate\":\"https:\\\/\\\/eutb-schaumburg.de\\\/fr\\\/?s={search_term_string}\"},\"query-input\":{\"@type\":\"PropertyValueSpecification\",\"valueRequired\":true,\"valueName\":\"search_term_string\"}}],\"inLanguage\":\"fr-FR\"},{\"@type\":\"Organization\",\"@id\":\"https:\\\/\\\/eutb-schaumburg.de\\\/fr\\\/#organization\",\"name\":\"EUTB Schaumburg\",\"url\":\"https:\\\/\\\/eutb-schaumburg.de\\\/fr\\\/\",\"logo\":{\"@type\":\"ImageObject\",\"inLanguage\":\"fr-FR\",\"@id\":\"https:\\\/\\\/eutb-schaumburg.de\\\/fr\\\/#\\\/schema\\\/logo\\\/image\\\/\",\"url\":\"https:\\\/\\\/eutb-schaumburg.de\\\/wp-content\\\/uploads\\\/2023\\\/04\\\/logo_eutb-3.svg\",\"contentUrl\":\"https:\\\/\\\/eutb-schaumburg.de\\\/wp-content\\\/uploads\\\/2023\\\/04\\\/logo_eutb-3.svg\",\"width\":\"1024\",\"height\":\"1024\",\"caption\":\"EUTB Schaumburg\"},\"image\":{\"@id\":\"https:\\\/\\\/eutb-schaumburg.de\\\/fr\\\/#\\\/schema\\\/logo\\\/image\\\/\"}}]}<\/script>\n<!-- \/ Yoast SEO plugin. -->","yoast_head_json":{"title":"D\u00e9claration d'accessibilit\u00e9 - EUTB Schaumburg","robots":{"index":"noindex","follow":"nofollow"},"og_locale":"fr_FR","og_type":"article","og_title":"D\u00e9claration d'accessibilit\u00e9 - EUTB Schaumburg","og_description":"En tant qu&rsquo;exploitant du site web, nous (ZePGiS e. V. &#8211; Zentrum f\u00fcr psychosoziale Gesundheit in Schaumburg) nous effor\u00e7ons de concevoir le site web en conformit\u00e9 avec les dispositions applicables en mati\u00e8re d&rsquo;accessibilit\u00e9. Nous sommes soumis \u00e0 la l\u00e9gislation suivante : Loi sur l&rsquo;\u00e9galit\u00e9 des personnes handicap\u00e9es de Basse-Saxe (NBGG) Site web La pr\u00e9sente d\u00e9claration [&hellip;]","og_url":"https:\/\/eutb-schaumburg.de\/fr\/declaration-daccessibilite\/","og_site_name":"EUTB Schaumburg","article_modified_time":"2023-07-16T16:08:11+00:00","twitter_card":"summary_large_image","twitter_misc":{"Dur\u00e9e de lecture estim\u00e9e":"2 minutes"},"schema":{"@context":"https:\/\/schema.org","@graph":[{"@type":"WebPage","@id":"https:\/\/eutb-schaumburg.de\/fr\/declaration-daccessibilite\/","url":"https:\/\/eutb-schaumburg.de\/fr\/declaration-daccessibilite\/","name":"D\u00e9claration d'accessibilit\u00e9 - EUTB Schaumburg","isPartOf":{"@id":"https:\/\/eutb-schaumburg.de\/fr\/#website"},"datePublished":"2022-02-28T13:12:23+00:00","dateModified":"2023-07-16T16:08:11+00:00","breadcrumb":{"@id":"https:\/\/eutb-schaumburg.de\/fr\/declaration-daccessibilite\/#breadcrumb"},"inLanguage":"fr-FR","potentialAction":[{"@type":"ReadAction","target":["https:\/\/eutb-schaumburg.de\/fr\/declaration-daccessibilite\/"]}]},{"@type":"BreadcrumbList","@id":"https:\/\/eutb-schaumburg.de\/fr\/declaration-daccessibilite\/#breadcrumb","itemListElement":[{"@type":"ListItem","position":1,"name":"Startseite","item":"https:\/\/eutb-schaumburg.de\/fr\/"},{"@type":"ListItem","position":2,"name":"D\u00e9claration d&#8217;accessibilit\u00e9"}]},{"@type":"WebSite","@id":"https:\/\/eutb-schaumburg.de\/fr\/#website","url":"https:\/\/eutb-schaumburg.de\/fr\/","name":"EUTB Schaumburg","description":"Erg\u00e4nzende unabh\u00e4ngige Teilhabeberatung","publisher":{"@id":"https:\/\/eutb-schaumburg.de\/fr\/#organization"},"potentialAction":[{"@type":"SearchAction","target":{"@type":"EntryPoint","urlTemplate":"https:\/\/eutb-schaumburg.de\/fr\/?s={search_term_string}"},"query-input":{"@type":"PropertyValueSpecification","valueRequired":true,"valueName":"search_term_string"}}],"inLanguage":"fr-FR"},{"@type":"Organization","@id":"https:\/\/eutb-schaumburg.de\/fr\/#organization","name":"EUTB Schaumburg","url":"https:\/\/eutb-schaumburg.de\/fr\/","logo":{"@type":"ImageObject","inLanguage":"fr-FR","@id":"https:\/\/eutb-schaumburg.de\/fr\/#\/schema\/logo\/image\/","url":"https:\/\/eutb-schaumburg.de\/wp-content\/uploads\/2023\/04\/logo_eutb-3.svg","contentUrl":"https:\/\/eutb-schaumburg.de\/wp-content\/uploads\/2023\/04\/logo_eutb-3.svg","width":"1024","height":"1024","caption":"EUTB Schaumburg"},"image":{"@id":"https:\/\/eutb-schaumburg.de\/fr\/#\/schema\/logo\/image\/"}}]}},"_links":{"self":[{"href":"https:\/\/eutb-schaumburg.de\/fr\/wp-json\/wp\/v2\/pages\/883","targetHints":{"allow":["GET"]}}],"collection":[{"href":"https:\/\/eutb-schaumburg.de\/fr\/wp-json\/wp\/v2\/pages"}],"about":[{"href":"https:\/\/eutb-schaumburg.de\/fr\/wp-json\/wp\/v2\/types\/page"}],"author":[{"embeddable":true,"href":"https:\/\/eutb-schaumburg.de\/fr\/wp-json\/wp\/v2\/users\/7"}],"replies":[{"embeddable":true,"href":"https:\/\/eutb-schaumburg.de\/fr\/wp-json\/wp\/v2\/comments?post=883"}],"version-history":[{"count":3,"href":"https:\/\/eutb-schaumburg.de\/fr\/wp-json\/wp\/v2\/pages\/883\/revisions"}],"predecessor-version":[{"id":1010,"href":"https:\/\/eutb-schaumburg.de\/fr\/wp-json\/wp\/v2\/pages\/883\/revisions\/1010"}],"wp:attachment":[{"href":"https:\/\/eutb-schaumburg.de\/fr\/wp-json\/wp\/v2\/media?parent=883"}],"curies":[{"name":"wp","href":"https:\/\/api.w.org\/{rel}","templated":true}]}}